{"id":436,"date":"2021-11-25T10:42:02","date_gmt":"2021-11-25T10:42:02","guid":{"rendered":"https:\/\/www.photo-mucke.com\/?page_id=436"},"modified":"2025-11-25T16:33:19","modified_gmt":"2025-11-25T16:33:19","slug":"personnes","status":"publish","type":"page","link":"https:\/\/www.photo-mucke.com\/fr_fr\/personnes\/","title":{"rendered":"Personnes"},"content":{"rendered":"\t\t<div data-elementor-type=\"wp-page\" data-elementor-id=\"436\" class=\"elementor elementor-436\">\n\t\t\t\t\t\t<section class=\"elementor-section elementor-top-section elementor-element elementor-element-6e0a657 elementor-section-full_width elementor-section-height-default elementor-section-height-default\" data-id=\"6e0a657\" data-element_type=\"section\">\n\t\t\t\t\t\t<div class=\"elementor-container elementor-column-gap-no\">\n\t\t\t\t\t<div class=\"elementor-column elementor-col-100 elementor-top-column elementor-element elementor-element-3a8edc4\" data-id=\"3a8edc4\" data-element_type=\"column\" data-settings=\"{&quot;background_background&quot;:&quot;classic&quot;}\">\n\t\t\t<div class=\"elementor-widget-wrap elementor-element-populated\">\n\t\t\t\t\t\t<div class=\"elementor-element elementor-element-c697532 elementor-widget elementor-widget-gallery\" data-id=\"c697532\" data-element_type=\"widget\" data-settings=\"{&quot;columns&quot;:3,&quot;aspect_ratio&quot;:&quot;16:9&quot;,&quot;gallery_layout&quot;:&quot;grid&quot;,&quot;columns_tablet&quot;:2,&quot;columns_mobile&quot;:1,&quot;gap&quot;:{&quot;unit&quot;:&quot;px&quot;,&quot;size&quot;:10,&quot;sizes&quot;:[]},&quot;gap_tablet&quot;:{&quot;unit&quot;:&quot;px&quot;,&quot;size&quot;:10,&quot;sizes&quot;:[]},&quot;gap_mobile&quot;:{&quot;unit&quot;:&quot;px&quot;,&quot;size&quot;:10,&quot;sizes&quot;:[]},&quot;link_to&quot;:&quot;file&quot;,&quot;overlay_background&quot;:&quot;yes&quot;,&quot;content_hover_animation&quot;:&quot;fade-in&quot;}\" data-widget_type=\"gallery.default\">\n\t\t\t\t<div class=\"elementor-widget-container\">\n\t\t\t\t\t\t\t<div class=\"elementor-gallery__container\">\n\t\t\t\t\t\t\t<a class=\"e-gallery-item elementor-gallery-item elementor-animated-content\" href=\"https:\/\/www.photo-mucke.com\/wp-content\/uploads\/2023\/02\/Raya-sw-sepia-scaled.jpg\" data-elementor-open-lightbox=\"yes\" data-elementor-lightbox-slideshow=\"all-c697532\" data-elementor-lightbox-title=\"Raya sw sepia\" data-e-action-hash=\"#elementor-action%3Aaction%3Dlightbox%26settings%3DeyJpZCI6MTM2NywidXJsIjoiaHR0cHM6XC9cL3d3dy5waG90by1tdWNrZS5jb21cL3dwLWNvbnRlbnRcL3VwbG9hZHNcLzIwMjNcLzAyXC9SYXlhLXN3LXNlcGlhLXNjYWxlZC5qcGciLCJzbGlkZXNob3ciOiJhbGwtYzY5NzUzMiJ9\">\n\t\t\t\t\t<div class=\"e-gallery-image elementor-gallery-item__image\" data-thumbnail=\"https:\/\/www.photo-mucke.com\/wp-content\/uploads\/2023\/02\/Raya-sw-sepia-732x1024.jpg\" data-width=\"732\" data-height=\"1024\" alt=\"\" ><\/div>\n\t\t\t\t\t\t\t\t\t\t\t<div class=\"elementor-gallery-item__overlay\"><\/div>\n\t\t\t\t\t\t\t\t\t\t\t\t\t\t<\/a>\n\t\t\t\t\t\t\t<a class=\"e-gallery-item elementor-gallery-item elementor-animated-content\" href=\"https:\/\/www.photo-mucke.com\/wp-content\/uploads\/2021\/11\/P1070626-1-scaled.jpg\" data-elementor-open-lightbox=\"yes\" data-elementor-lightbox-slideshow=\"all-c697532\" data-elementor-lightbox-title=\"P1070626 (1)\" data-e-action-hash=\"#elementor-action%3Aaction%3Dlightbox%26settings%3DeyJpZCI6NTA2LCJ1cmwiOiJodHRwczpcL1wvd3d3LnBob3RvLW11Y2tlLmNvbVwvd3AtY29udGVudFwvdXBsb2Fkc1wvMjAyMVwvMTFcL1AxMDcwNjI2LTEtc2NhbGVkLmpwZyIsInNsaWRlc2hvdyI6ImFsbC1jNjk3NTMyIn0%3D\">\n\t\t\t\t\t<div class=\"e-gallery-image elementor-gallery-item__image\" data-thumbnail=\"https:\/\/www.photo-mucke.com\/wp-content\/uploads\/2021\/11\/P1070626-1-1024x576.jpg\" data-width=\"800\" data-height=\"450\" alt=\"L&#039;enfant va \u00e0 la mer\" ><\/div>\n\t\t\t\t\t\t\t\t\t\t\t<div class=\"elementor-gallery-item__overlay\"><\/div>\n\t\t\t\t\t\t\t\t\t\t\t\t\t\t<\/a>\n\t\t\t\t\t\t\t<a class=\"e-gallery-item elementor-gallery-item elementor-animated-content\" href=\"https:\/\/www.photo-mucke.com\/wp-content\/uploads\/2021\/11\/P1080875-1-scaled.jpg\" data-elementor-open-lightbox=\"yes\" data-elementor-lightbox-slideshow=\"all-c697532\" data-elementor-lightbox-title=\"P1080875 (1)\" data-e-action-hash=\"#elementor-action%3Aaction%3Dlightbox%26settings%3DeyJpZCI6NTA4LCJ1cmwiOiJodHRwczpcL1wvd3d3LnBob3RvLW11Y2tlLmNvbVwvd3AtY29udGVudFwvdXBsb2Fkc1wvMjAyMVwvMTFcL1AxMDgwODc1LTEtc2NhbGVkLmpwZyIsInNsaWRlc2hvdyI6ImFsbC1jNjk3NTMyIn0%3D\">\n\t\t\t\t\t<div class=\"e-gallery-image elementor-gallery-item__image\" data-thumbnail=\"https:\/\/www.photo-mucke.com\/wp-content\/uploads\/2021\/11\/P1080875-1-1024x576.jpg\" data-width=\"800\" data-height=\"450\" alt=\"Course de tra\u00eeneaux \u00e0 cornes en For\u00eat-Noire\" ><\/div>\n\t\t\t\t\t\t\t\t\t\t\t<div class=\"elementor-gallery-item__overlay\"><\/div>\n\t\t\t\t\t\t\t\t\t\t\t\t\t\t<\/a>\n\t\t\t\t\t\t\t<a class=\"e-gallery-item elementor-gallery-item elementor-animated-content\" href=\"https:\/\/www.photo-mucke.com\/wp-content\/uploads\/2021\/11\/P1090350bearb-1-scaled.jpg\" data-elementor-open-lightbox=\"yes\" data-elementor-lightbox-slideshow=\"all-c697532\" data-elementor-lightbox-title=\"P1090350bearb (1)\" data-e-action-hash=\"#elementor-action%3Aaction%3Dlightbox%26settings%3DeyJpZCI6NTA5LCJ1cmwiOiJodHRwczpcL1wvd3d3LnBob3RvLW11Y2tlLmNvbVwvd3AtY29udGVudFwvdXBsb2Fkc1wvMjAyMVwvMTFcL1AxMDkwMzUwYmVhcmItMS1zY2FsZWQuanBnIiwic2xpZGVzaG93IjoiYWxsLWM2OTc1MzIifQ%3D%3D\">\n\t\t\t\t\t<div class=\"e-gallery-image elementor-gallery-item__image\" data-thumbnail=\"https:\/\/www.photo-mucke.com\/wp-content\/uploads\/2021\/11\/P1090350bearb-1-1024x572.jpg\" data-width=\"800\" data-height=\"447\" alt=\"Snack dans les vasi\u00e8res de la mer du Nord\" ><\/div>\n\t\t\t\t\t\t\t\t\t\t\t<div class=\"elementor-gallery-item__overlay\"><\/div>\n\t\t\t\t\t\t\t\t\t\t\t\t\t\t<\/a>\n\t\t\t\t\t\t\t<a class=\"e-gallery-item elementor-gallery-item elementor-animated-content\" href=\"https:\/\/www.photo-mucke.com\/wp-content\/uploads\/2021\/11\/P1100057-1-scaled.jpg\" data-elementor-open-lightbox=\"yes\" data-elementor-lightbox-slideshow=\"all-c697532\" data-elementor-lightbox-title=\"P1100057 (1)\" data-e-action-hash=\"#elementor-action%3Aaction%3Dlightbox%26settings%3DeyJpZCI6NTExLCJ1cmwiOiJodHRwczpcL1wvd3d3LnBob3RvLW11Y2tlLmNvbVwvd3AtY29udGVudFwvdXBsb2Fkc1wvMjAyMVwvMTFcL1AxMTAwMDU3LTEtc2NhbGVkLmpwZyIsInNsaWRlc2hvdyI6ImFsbC1jNjk3NTMyIn0%3D\">\n\t\t\t\t\t<div class=\"e-gallery-image elementor-gallery-item__image\" data-thumbnail=\"https:\/\/www.photo-mucke.com\/wp-content\/uploads\/2021\/11\/P1100057-1-1024x576.jpg\" data-width=\"800\" data-height=\"450\" alt=\"Enfant sur bateau\" ><\/div>\n\t\t\t\t\t\t\t\t\t\t\t<div class=\"elementor-gallery-item__overlay\"><\/div>\n\t\t\t\t\t\t\t\t\t\t\t\t\t\t<\/a>\n\t\t\t\t\t\t\t<a class=\"e-gallery-item elementor-gallery-item elementor-animated-content\" href=\"https:\/\/www.photo-mucke.com\/wp-content\/uploads\/2021\/11\/P1100487-1-scaled.jpg\" data-elementor-open-lightbox=\"yes\" data-elementor-lightbox-slideshow=\"all-c697532\" data-elementor-lightbox-title=\"P1100487 (1)\" data-e-action-hash=\"#elementor-action%3Aaction%3Dlightbox%26settings%3DeyJpZCI6NTEyLCJ1cmwiOiJodHRwczpcL1wvd3d3LnBob3RvLW11Y2tlLmNvbVwvd3AtY29udGVudFwvdXBsb2Fkc1wvMjAyMVwvMTFcL1AxMTAwNDg3LTEtc2NhbGVkLmpwZyIsInNsaWRlc2hvdyI6ImFsbC1jNjk3NTMyIn0%3D\">\n\t\t\t\t\t<div class=\"e-gallery-image elementor-gallery-item__image\" data-thumbnail=\"https:\/\/www.photo-mucke.com\/wp-content\/uploads\/2021\/11\/P1100487-1-1024x576.jpg\" data-width=\"800\" data-height=\"450\" alt=\"Parapentes \u00e0 proximit\u00e9\" ><\/div>\n\t\t\t\t\t\t\t\t\t\t\t<div class=\"elementor-gallery-item__overlay\"><\/div>\n\t\t\t\t\t\t\t\t\t\t\t\t\t\t<\/a>\n\t\t\t\t\t\t\t<a class=\"e-gallery-item elementor-gallery-item elementor-animated-content\" href=\"https:\/\/www.photo-mucke.com\/wp-content\/uploads\/2021\/11\/P1110660-1-scaled.jpg\" data-elementor-open-lightbox=\"yes\" data-elementor-lightbox-slideshow=\"all-c697532\" data-elementor-lightbox-title=\"P1110660 (1)\" data-e-action-hash=\"#elementor-action%3Aaction%3Dlightbox%26settings%3DeyJpZCI6NTEzLCJ1cmwiOiJodHRwczpcL1wvd3d3LnBob3RvLW11Y2tlLmNvbVwvd3AtY29udGVudFwvdXBsb2Fkc1wvMjAyMVwvMTFcL1AxMTEwNjYwLTEtc2NhbGVkLmpwZyIsInNsaWRlc2hvdyI6ImFsbC1jNjk3NTMyIn0%3D\">\n\t\t\t\t\t<div class=\"e-gallery-image elementor-gallery-item__image\" data-thumbnail=\"https:\/\/www.photo-mucke.com\/wp-content\/uploads\/2021\/11\/P1110660-1-1024x717.jpg\" data-width=\"800\" data-height=\"560\" alt=\"Enfant avec des ballons\" ><\/div>\n\t\t\t\t\t\t\t\t\t\t\t<div class=\"elementor-gallery-item__overlay\"><\/div>\n\t\t\t\t\t\t\t\t\t\t\t\t\t\t<\/a>\n\t\t\t\t\t\t\t<a class=\"e-gallery-item elementor-gallery-item elementor-animated-content\" href=\"https:\/\/www.photo-mucke.com\/wp-content\/uploads\/2021\/11\/P1120405-1-scaled.jpg\" data-elementor-open-lightbox=\"yes\" data-elementor-lightbox-slideshow=\"all-c697532\" data-elementor-lightbox-title=\"P1120405 (1)\" data-e-action-hash=\"#elementor-action%3Aaction%3Dlightbox%26settings%3DeyJpZCI6NTE0LCJ1cmwiOiJodHRwczpcL1wvd3d3LnBob3RvLW11Y2tlLmNvbVwvd3AtY29udGVudFwvdXBsb2Fkc1wvMjAyMVwvMTFcL1AxMTIwNDA1LTEtc2NhbGVkLmpwZyIsInNsaWRlc2hvdyI6ImFsbC1jNjk3NTMyIn0%3D\">\n\t\t\t\t\t<div class=\"e-gallery-image elementor-gallery-item__image\" data-thumbnail=\"https:\/\/www.photo-mucke.com\/wp-content\/uploads\/2021\/11\/P1120405-1-1024x575.jpg\" data-width=\"800\" data-height=\"449\" alt=\"Fille derri\u00e8re la fontaine\" ><\/div>\n\t\t\t\t\t\t\t\t\t\t\t<div class=\"elementor-gallery-item__overlay\"><\/div>\n\t\t\t\t\t\t\t\t\t\t\t\t\t\t<\/a>\n\t\t\t\t\t\t\t<a class=\"e-gallery-item elementor-gallery-item elementor-animated-content\" href=\"https:\/\/www.photo-mucke.com\/wp-content\/uploads\/2021\/11\/P1120480bearb-dunkel_schmal-scaled.jpg\" data-elementor-open-lightbox=\"yes\" data-elementor-lightbox-slideshow=\"all-c697532\" data-elementor-lightbox-title=\"P1120480bearb dunkel_schmal\" data-e-action-hash=\"#elementor-action%3Aaction%3Dlightbox%26settings%3DeyJpZCI6NTE1LCJ1cmwiOiJodHRwczpcL1wvd3d3LnBob3RvLW11Y2tlLmNvbVwvd3AtY29udGVudFwvdXBsb2Fkc1wvMjAyMVwvMTFcL1AxMTIwNDgwYmVhcmItZHVua2VsX3NjaG1hbC1zY2FsZWQuanBnIiwic2xpZGVzaG93IjoiYWxsLWM2OTc1MzIifQ%3D%3D\">\n\t\t\t\t\t<div class=\"e-gallery-image elementor-gallery-item__image\" data-thumbnail=\"https:\/\/www.photo-mucke.com\/wp-content\/uploads\/2021\/11\/P1120480bearb-dunkel_schmal-1024x560.jpg\" data-width=\"800\" data-height=\"438\" alt=\"Fille avec flash HSS en arri\u00e8re-plan\" ><\/div>\n\t\t\t\t\t\t\t\t\t\t\t<div class=\"elementor-gallery-item__overlay\"><\/div>\n\t\t\t\t\t\t\t\t\t\t\t\t\t\t<\/a>\n\t\t\t\t\t\t\t<a class=\"e-gallery-item elementor-gallery-item elementor-animated-content\" href=\"https:\/\/www.photo-mucke.com\/wp-content\/uploads\/2021\/11\/P1120647-1-scaled.jpg\" data-elementor-open-lightbox=\"yes\" data-elementor-lightbox-slideshow=\"all-c697532\" data-elementor-lightbox-title=\"P1120647 (1)\" data-e-action-hash=\"#elementor-action%3Aaction%3Dlightbox%26settings%3DeyJpZCI6NTE2LCJ1cmwiOiJodHRwczpcL1wvd3d3LnBob3RvLW11Y2tlLmNvbVwvd3AtY29udGVudFwvdXBsb2Fkc1wvMjAyMVwvMTFcL1AxMTIwNjQ3LTEtc2NhbGVkLmpwZyIsInNsaWRlc2hvdyI6ImFsbC1jNjk3NTMyIn0%3D\">\n\t\t\t\t\t<div class=\"e-gallery-image elementor-gallery-item__image\" data-thumbnail=\"https:\/\/www.photo-mucke.com\/wp-content\/uploads\/2021\/11\/P1120647-1-1024x576.jpg\" data-width=\"800\" data-height=\"450\" alt=\"Fille devant la mer\" ><\/div>\n\t\t\t\t\t\t\t\t\t\t\t<div class=\"elementor-gallery-item__overlay\"><\/div>\n\t\t\t\t\t\t\t\t\t\t\t\t\t\t<\/a>\n\t\t\t\t\t\t\t<a class=\"e-gallery-item elementor-gallery-item elementor-animated-content\" href=\"https:\/\/www.photo-mucke.com\/wp-content\/uploads\/2023\/02\/1200682-scaled.jpg\" data-elementor-open-lightbox=\"yes\" data-elementor-lightbox-slideshow=\"all-c697532\" data-elementor-lightbox-title=\"_1200682\" data-e-action-hash=\"#elementor-action%3Aaction%3Dlightbox%26settings%3DeyJpZCI6MTM2MiwidXJsIjoiaHR0cHM6XC9cL3d3dy5waG90by1tdWNrZS5jb21cL3dwLWNvbnRlbnRcL3VwbG9hZHNcLzIwMjNcLzAyXC8xMjAwNjgyLXNjYWxlZC5qcGciLCJzbGlkZXNob3ciOiJhbGwtYzY5NzUzMiJ9\">\n\t\t\t\t\t<div class=\"e-gallery-image elementor-gallery-item__image\" data-thumbnail=\"https:\/\/www.photo-mucke.com\/wp-content\/uploads\/2023\/02\/1200682-1024x556.jpg\" data-width=\"800\" data-height=\"434\" alt=\"\" ><\/div>\n\t\t\t\t\t\t\t\t\t\t\t<div class=\"elementor-gallery-item__overlay\"><\/div>\n\t\t\t\t\t\t\t\t\t\t\t\t\t\t<\/a>\n\t\t\t\t\t\t\t<a class=\"e-gallery-item elementor-gallery-item elementor-animated-content\" href=\"https:\/\/www.photo-mucke.com\/wp-content\/uploads\/2021\/11\/P1120831_Kopie-1-scaled.jpg\" data-elementor-open-lightbox=\"yes\" data-elementor-lightbox-slideshow=\"all-c697532\" data-elementor-lightbox-title=\"P1120831_Kopie (1)\" data-e-action-hash=\"#elementor-action%3Aaction%3Dlightbox%26settings%3DeyJpZCI6NTE3LCJ1cmwiOiJodHRwczpcL1wvd3d3LnBob3RvLW11Y2tlLmNvbVwvd3AtY29udGVudFwvdXBsb2Fkc1wvMjAyMVwvMTFcL1AxMTIwODMxX0tvcGllLTEtc2NhbGVkLmpwZyIsInNsaWRlc2hvdyI6ImFsbC1jNjk3NTMyIn0%3D\">\n\t\t\t\t\t<div class=\"e-gallery-image elementor-gallery-item__image\" data-thumbnail=\"https:\/\/www.photo-mucke.com\/wp-content\/uploads\/2021\/11\/P1120831_Kopie-1-1024x576.jpg\" data-width=\"800\" data-height=\"450\" alt=\"Enfant sur la surface de sable\" ><\/div>\n\t\t\t\t\t\t\t\t\t\t\t<div class=\"elementor-gallery-item__overlay\"><\/div>\n\t\t\t\t\t\t\t\t\t\t\t\t\t\t<\/a>\n\t\t\t\t\t\t\t<a class=\"e-gallery-item elementor-gallery-item elementor-animated-content\" href=\"https:\/\/www.photo-mucke.com\/wp-content\/uploads\/2021\/11\/P1150238-1-scaled.jpg\" data-elementor-open-lightbox=\"yes\" data-elementor-lightbox-slideshow=\"all-c697532\" data-elementor-lightbox-title=\"P1150238 (1)\" data-e-action-hash=\"#elementor-action%3Aaction%3Dlightbox%26settings%3DeyJpZCI6NTIwLCJ1cmwiOiJodHRwczpcL1wvd3d3LnBob3RvLW11Y2tlLmNvbVwvd3AtY29udGVudFwvdXBsb2Fkc1wvMjAyMVwvMTFcL1AxMTUwMjM4LTEtc2NhbGVkLmpwZyIsInNsaWRlc2hvdyI6ImFsbC1jNjk3NTMyIn0%3D\">\n\t\t\t\t\t<div class=\"e-gallery-image elementor-gallery-item__image\" data-thumbnail=\"https:\/\/www.photo-mucke.com\/wp-content\/uploads\/2021\/11\/P1150238-1-1024x576.jpg\" data-width=\"800\" data-height=\"450\" alt=\"Enfant d\u00e9focalis\u00e9\" ><\/div>\n\t\t\t\t\t\t\t\t\t\t\t<div class=\"elementor-gallery-item__overlay\"><\/div>\n\t\t\t\t\t\t\t\t\t\t\t\t\t\t<\/a>\n\t\t\t\t\t\t\t<a class=\"e-gallery-item elementor-gallery-item elementor-animated-content\" href=\"https:\/\/www.photo-mucke.com\/wp-content\/uploads\/2023\/02\/P1030136.jpg\" data-elementor-open-lightbox=\"yes\" data-elementor-lightbox-slideshow=\"all-c697532\" data-elementor-lightbox-title=\"P1030136\" data-e-action-hash=\"#elementor-action%3Aaction%3Dlightbox%26settings%3DeyJpZCI6MTM2NCwidXJsIjoiaHR0cHM6XC9cL3d3dy5waG90by1tdWNrZS5jb21cL3dwLWNvbnRlbnRcL3VwbG9hZHNcLzIwMjNcLzAyXC9QMTAzMDEzNi5qcGciLCJzbGlkZXNob3ciOiJhbGwtYzY5NzUzMiJ9\">\n\t\t\t\t\t<div class=\"e-gallery-image elementor-gallery-item__image\" data-thumbnail=\"https:\/\/www.photo-mucke.com\/wp-content\/uploads\/2023\/02\/P1030136-1024x757.jpg\" data-width=\"800\" data-height=\"591\" alt=\"\" ><\/div>\n\t\t\t\t\t\t\t\t\t\t\t<div class=\"elementor-gallery-item__overlay\"><\/div>\n\t\t\t\t\t\t\t\t\t\t\t\t\t\t<\/a>\n\t\t\t\t\t\t\t<a class=\"e-gallery-item elementor-gallery-item elementor-animated-content\" href=\"https:\/\/www.photo-mucke.com\/wp-content\/uploads\/2021\/11\/P1090609-1-scaled.jpg\" data-elementor-open-lightbox=\"yes\" data-elementor-lightbox-slideshow=\"all-c697532\" data-elementor-lightbox-title=\"P1090609 (1)\" data-e-action-hash=\"#elementor-action%3Aaction%3Dlightbox%26settings%3DeyJpZCI6NTEwLCJ1cmwiOiJodHRwczpcL1wvd3d3LnBob3RvLW11Y2tlLmNvbVwvd3AtY29udGVudFwvdXBsb2Fkc1wvMjAyMVwvMTFcL1AxMDkwNjA5LTEtc2NhbGVkLmpwZyIsInNsaWRlc2hvdyI6ImFsbC1jNjk3NTMyIn0%3D\">\n\t\t\t\t\t<div class=\"e-gallery-image elementor-gallery-item__image\" data-thumbnail=\"https:\/\/www.photo-mucke.com\/wp-content\/uploads\/2021\/11\/P1090609-1-1024x570.jpg\" data-width=\"800\" data-height=\"445\" alt=\"Les gens saluant\" ><\/div>\n\t\t\t\t\t\t\t\t\t\t\t<div class=\"elementor-gallery-item__overlay\"><\/div>\n\t\t\t\t\t\t\t\t\t\t\t\t\t\t<\/a>\n\t\t\t\t\t<\/div>\n\t\t\t\t\t<\/div>\n\t\t\t\t<\/div>\n\t\t\t\t\t<\/div>\n\t\t<\/div>\n\t\t\t\t\t<\/div>\n\t\t<\/section>\n\t\t\t\t<\/div>\n\t\t","protected":false},"excerpt":{"rendered":"","protected":false},"author":3,"featured_media":0,"parent":0,"menu_order":0,"comment_status":"closed","ping_status":"closed","template":"elementor_header_footer","meta":{"_monsterinsights_skip_tracking":false,"_monsterinsights_sitenote_active":false,"_monsterinsights_sitenote_note":"","_monsterinsights_sitenote_category":0,"footnotes":""},"class_list":["post-436","page","type-page","status-publish","hentry"],"yoast_head":"<!-- This site is optimized with the Yoast SEO plugin v27.4 - https:\/\/yoast.com\/product\/yoast-seo-wordpress\/ -->\n<title>Personnes - Photo Mucke<\/title>\n<meta name=\"robots\" content=\"index, follow, max-snippet:-1, max-image-preview:large, max-video-preview:-1\" \/>\n<link rel=\"canonical\" href=\"https:\/\/www.photo-mucke.com\/fr_fr\/personnes\/\" \/>\n<meta property=\"og:locale\" content=\"fr_FR\" \/>\n<meta property=\"og:type\" content=\"article\" \/>\n<meta property=\"og:title\" content=\"Personnes - Photo Mucke\" \/>\n<meta property=\"og:url\" content=\"https:\/\/www.photo-mucke.com\/fr_fr\/personnes\/\" \/>\n<meta property=\"og:site_name\" content=\"Photo Mucke\" \/>\n<meta property=\"article:modified_time\" content=\"2025-11-25T16:33:19+00:00\" \/>\n<meta name=\"twitter:card\" content=\"summary_large_image\" \/>\n<script type=\"application\/ld+json\" class=\"yoast-schema-graph\">{\"@context\":\"https:\\\/\\\/schema.org\",\"@graph\":[{\"@type\":\"WebPage\",\"@id\":\"https:\\\/\\\/www.photo-mucke.com\\\/personnes\\\/\",\"url\":\"https:\\\/\\\/www.photo-mucke.com\\\/personnes\\\/\",\"name\":\"Personnes - Photo Mucke\",\"isPartOf\":{\"@id\":\"https:\\\/\\\/www.photo-mucke.com\\\/#website\"},\"datePublished\":\"2021-11-25T10:42:02+00:00\",\"dateModified\":\"2025-11-25T16:33:19+00:00\",\"breadcrumb\":{\"@id\":\"https:\\\/\\\/www.photo-mucke.com\\\/personnes\\\/#breadcrumb\"},\"inLanguage\":\"fr-FR\",\"potentialAction\":[{\"@type\":\"ReadAction\",\"target\":[\"https:\\\/\\\/www.photo-mucke.com\\\/personnes\\\/\"]}]},{\"@type\":\"BreadcrumbList\",\"@id\":\"https:\\\/\\\/www.photo-mucke.com\\\/personnes\\\/#breadcrumb\",\"itemListElement\":[{\"@type\":\"ListItem\",\"position\":1,\"name\":\"Home\",\"item\":\"https:\\\/\\\/www.photo-mucke.com\\\/\"},{\"@type\":\"ListItem\",\"position\":2,\"name\":\"Personnes\"}]},{\"@type\":\"WebSite\",\"@id\":\"https:\\\/\\\/www.photo-mucke.com\\\/#website\",\"url\":\"https:\\\/\\\/www.photo-mucke.com\\\/\",\"name\":\"Photo Mucke\",\"description\":\"Fotosammlung - Bildbearbeitung - Retusche - digitale Malerei - Grafik\",\"publisher\":{\"@id\":\"https:\\\/\\\/www.photo-mucke.com\\\/#organization\"},\"potentialAction\":[{\"@type\":\"SearchAction\",\"target\":{\"@type\":\"EntryPoint\",\"urlTemplate\":\"https:\\\/\\\/www.photo-mucke.com\\\/?s={search_term_string}\"},\"query-input\":{\"@type\":\"PropertyValueSpecification\",\"valueRequired\":true,\"valueName\":\"search_term_string\"}}],\"inLanguage\":\"fr-FR\"},{\"@type\":\"Organization\",\"@id\":\"https:\\\/\\\/www.photo-mucke.com\\\/#organization\",\"name\":\"Photo Mucke\",\"url\":\"https:\\\/\\\/www.photo-mucke.com\\\/\",\"logo\":{\"@type\":\"ImageObject\",\"inLanguage\":\"fr-FR\",\"@id\":\"https:\\\/\\\/www.photo-mucke.com\\\/#\\\/schema\\\/logo\\\/image\\\/\",\"url\":\"https:\\\/\\\/www.photo-mucke.com\\\/wp-content\\\/uploads\\\/2021\\\/11\\\/cropped-Logo-Orange-Linse-stilisiert-breit.png\",\"contentUrl\":\"https:\\\/\\\/www.photo-mucke.com\\\/wp-content\\\/uploads\\\/2021\\\/11\\\/cropped-Logo-Orange-Linse-stilisiert-breit.png\",\"width\":1040,\"height\":297,\"caption\":\"Photo Mucke\"},\"image\":{\"@id\":\"https:\\\/\\\/www.photo-mucke.com\\\/#\\\/schema\\\/logo\\\/image\\\/\"}}]}<\/script>\n<!-- \/ Yoast SEO plugin. -->","yoast_head_json":{"title":"Personnes - Photo Mucke","robots":{"index":"index","follow":"follow","max-snippet":"max-snippet:-1","max-image-preview":"max-image-preview:large","max-video-preview":"max-video-preview:-1"},"canonical":"https:\/\/www.photo-mucke.com\/fr_fr\/personnes\/","og_locale":"fr_FR","og_type":"article","og_title":"Personnes - Photo Mucke","og_url":"https:\/\/www.photo-mucke.com\/fr_fr\/personnes\/","og_site_name":"Photo Mucke","article_modified_time":"2025-11-25T16:33:19+00:00","twitter_card":"summary_large_image","schema":{"@context":"https:\/\/schema.org","@graph":[{"@type":"WebPage","@id":"https:\/\/www.photo-mucke.com\/personnes\/","url":"https:\/\/www.photo-mucke.com\/personnes\/","name":"Personnes - Photo Mucke","isPartOf":{"@id":"https:\/\/www.photo-mucke.com\/#website"},"datePublished":"2021-11-25T10:42:02+00:00","dateModified":"2025-11-25T16:33:19+00:00","breadcrumb":{"@id":"https:\/\/www.photo-mucke.com\/personnes\/#breadcrumb"},"inLanguage":"fr-FR","potentialAction":[{"@type":"ReadAction","target":["https:\/\/www.photo-mucke.com\/personnes\/"]}]},{"@type":"BreadcrumbList","@id":"https:\/\/www.photo-mucke.com\/personnes\/#breadcrumb","itemListElement":[{"@type":"ListItem","position":1,"name":"Home","item":"https:\/\/www.photo-mucke.com\/"},{"@type":"ListItem","position":2,"name":"Personnes"}]},{"@type":"WebSite","@id":"https:\/\/www.photo-mucke.com\/#website","url":"https:\/\/www.photo-mucke.com\/","name":"Photo Mucke","description":"Fotosammlung - Bildbearbeitung - Retusche - digitale Malerei - Grafik","publisher":{"@id":"https:\/\/www.photo-mucke.com\/#organization"},"potentialAction":[{"@type":"SearchAction","target":{"@type":"EntryPoint","urlTemplate":"https:\/\/www.photo-mucke.com\/?s={search_term_string}"},"query-input":{"@type":"PropertyValueSpecification","valueRequired":true,"valueName":"search_term_string"}}],"inLanguage":"fr-FR"},{"@type":"Organization","@id":"https:\/\/www.photo-mucke.com\/#organization","name":"Photo Mucke","url":"https:\/\/www.photo-mucke.com\/","logo":{"@type":"ImageObject","inLanguage":"fr-FR","@id":"https:\/\/www.photo-mucke.com\/#\/schema\/logo\/image\/","url":"https:\/\/www.photo-mucke.com\/wp-content\/uploads\/2021\/11\/cropped-Logo-Orange-Linse-stilisiert-breit.png","contentUrl":"https:\/\/www.photo-mucke.com\/wp-content\/uploads\/2021\/11\/cropped-Logo-Orange-Linse-stilisiert-breit.png","width":1040,"height":297,"caption":"Photo Mucke"},"image":{"@id":"https:\/\/www.photo-mucke.com\/#\/schema\/logo\/image\/"}}]}},"_links":{"self":[{"href":"https:\/\/www.photo-mucke.com\/fr_fr\/wp-json\/wp\/v2\/pages\/436","targetHints":{"allow":["GET"]}}],"collection":[{"href":"https:\/\/www.photo-mucke.com\/fr_fr\/wp-json\/wp\/v2\/pages"}],"about":[{"href":"https:\/\/www.photo-mucke.com\/fr_fr\/wp-json\/wp\/v2\/types\/page"}],"author":[{"embeddable":true,"href":"https:\/\/www.photo-mucke.com\/fr_fr\/wp-json\/wp\/v2\/users\/3"}],"replies":[{"embeddable":true,"href":"https:\/\/www.photo-mucke.com\/fr_fr\/wp-json\/wp\/v2\/comments?post=436"}],"version-history":[{"count":55,"href":"https:\/\/www.photo-mucke.com\/fr_fr\/wp-json\/wp\/v2\/pages\/436\/revisions"}],"predecessor-version":[{"id":1476,"href":"https:\/\/www.photo-mucke.com\/fr_fr\/wp-json\/wp\/v2\/pages\/436\/revisions\/1476"}],"wp:attachment":[{"href":"https:\/\/www.photo-mucke.com\/fr_fr\/wp-json\/wp\/v2\/media?parent=436"}],"curies":[{"name":"wp","href":"https:\/\/api.w.org\/{rel}","templated":true}]}}