{"id":600,"date":"2021-11-28T19:46:45","date_gmt":"2021-11-28T19:46:45","guid":{"rendered":"https:\/\/www.photo-mucke.com\/?page_id=600"},"modified":"2024-07-08T12:41:01","modified_gmt":"2024-07-08T12:41:01","slug":"animaux","status":"publish","type":"page","link":"https:\/\/www.photo-mucke.com\/fr_fr\/animaux\/","title":{"rendered":"Animaux"},"content":{"rendered":"\t\t<div data-elementor-type=\"wp-page\" data-elementor-id=\"600\" class=\"elementor elementor-600\">\n\t\t\t\t\t\t<section class=\"elementor-section elementor-top-section elementor-element elementor-element-a9c5a05 elementor-section-full_width elementor-section-height-default elementor-section-height-default\" data-id=\"a9c5a05\" data-element_type=\"section\" data-settings=\"{&quot;background_background&quot;:&quot;classic&quot;}\">\n\t\t\t\t\t\t<div class=\"elementor-container elementor-column-gap-default\">\n\t\t\t\t\t<div class=\"elementor-column elementor-col-100 elementor-top-column elementor-element elementor-element-a656b6f\" data-id=\"a656b6f\" data-element_type=\"column\">\n\t\t\t<div class=\"elementor-widget-wrap elementor-element-populated\">\n\t\t\t\t\t\t<div class=\"elementor-element elementor-element-68f5854 elementor-widget elementor-widget-gallery\" data-id=\"68f5854\" data-element_type=\"widget\" data-settings=\"{&quot;gallery_layout&quot;:&quot;masonry&quot;,&quot;columns&quot;:3,&quot;lazyload&quot;:&quot;yes&quot;,&quot;columns_tablet&quot;:2,&quot;columns_mobile&quot;:1,&quot;gap&quot;:{&quot;unit&quot;:&quot;px&quot;,&quot;size&quot;:10,&quot;sizes&quot;:[]},&quot;gap_tablet&quot;:{&quot;unit&quot;:&quot;px&quot;,&quot;size&quot;:10,&quot;sizes&quot;:[]},&quot;gap_mobile&quot;:{&quot;unit&quot;:&quot;px&quot;,&quot;size&quot;:10,&quot;sizes&quot;:[]},&quot;link_to&quot;:&quot;file&quot;,&quot;overlay_background&quot;:&quot;yes&quot;,&quot;content_hover_animation&quot;:&quot;fade-in&quot;}\" data-widget_type=\"gallery.default\">\n\t\t\t\t<div class=\"elementor-widget-container\">\n\t\t\t\t\t\t\t<div class=\"elementor-gallery__container\">\n\t\t\t\t\t\t\t<a class=\"e-gallery-item elementor-gallery-item elementor-animated-content\" href=\"https:\/\/www.photo-mucke.com\/wp-content\/uploads\/2021\/11\/Auf-dem-Affenfelsen2-1.jpg\" data-elementor-open-lightbox=\"yes\" data-elementor-lightbox-slideshow=\"all-68f5854\" data-elementor-lightbox-title=\"Auf dem Affenfelsen2 (1)\" data-e-action-hash=\"#elementor-action%3Aaction%3Dlightbox%26settings%3DeyJpZCI6NjAzLCJ1cmwiOiJodHRwczpcL1wvd3d3LnBob3RvLW11Y2tlLmNvbVwvd3AtY29udGVudFwvdXBsb2Fkc1wvMjAyMVwvMTFcL0F1Zi1kZW0tQWZmZW5mZWxzZW4yLTEuanBnIiwic2xpZGVzaG93IjoiYWxsLTY4ZjU4NTQifQ%3D%3D\">\n\t\t\t\t\t<div class=\"e-gallery-image elementor-gallery-item__image\" data-thumbnail=\"https:\/\/www.photo-mucke.com\/wp-content\/uploads\/2021\/11\/Auf-dem-Affenfelsen2-1-1024x574.jpg\" data-width=\"800\" data-height=\"448\" alt=\"Macaque de Barbarie\" ><\/div>\n\t\t\t\t\t\t\t\t\t\t\t<div class=\"elementor-gallery-item__overlay\"><\/div>\n\t\t\t\t\t\t\t\t\t\t\t\t\t\t<\/a>\n\t\t\t\t\t\t\t<a class=\"e-gallery-item elementor-gallery-item elementor-animated-content\" href=\"https:\/\/www.photo-mucke.com\/wp-content\/uploads\/2021\/11\/P1050093-1-scaled.jpg\" data-elementor-open-lightbox=\"yes\" data-elementor-lightbox-slideshow=\"all-68f5854\" data-elementor-lightbox-title=\"P1050093 (1)\" data-e-action-hash=\"#elementor-action%3Aaction%3Dlightbox%26settings%3DeyJpZCI6NjA0LCJ1cmwiOiJodHRwczpcL1wvd3d3LnBob3RvLW11Y2tlLmNvbVwvd3AtY29udGVudFwvdXBsb2Fkc1wvMjAyMVwvMTFcL1AxMDUwMDkzLTEtc2NhbGVkLmpwZyIsInNsaWRlc2hvdyI6ImFsbC02OGY1ODU0In0%3D\">\n\t\t\t\t\t<div class=\"e-gallery-image elementor-gallery-item__image\" data-thumbnail=\"https:\/\/www.photo-mucke.com\/wp-content\/uploads\/2021\/11\/P1050093-1-1024x681.jpg\" data-width=\"800\" data-height=\"532\" alt=\"Cygne et rat musqu\u00e9\" ><\/div>\n\t\t\t\t\t\t\t\t\t\t\t<div class=\"elementor-gallery-item__overlay\"><\/div>\n\t\t\t\t\t\t\t\t\t\t\t\t\t\t<\/a>\n\t\t\t\t\t\t\t<a class=\"e-gallery-item elementor-gallery-item elementor-animated-content\" href=\"https:\/\/www.photo-mucke.com\/wp-content\/uploads\/2021\/11\/P1050435-1-scaled.jpg\" data-elementor-open-lightbox=\"yes\" data-elementor-lightbox-slideshow=\"all-68f5854\" data-elementor-lightbox-title=\"P1050435 (1)\" data-e-action-hash=\"#elementor-action%3Aaction%3Dlightbox%26settings%3DeyJpZCI6NjA1LCJ1cmwiOiJodHRwczpcL1wvd3d3LnBob3RvLW11Y2tlLmNvbVwvd3AtY29udGVudFwvdXBsb2Fkc1wvMjAyMVwvMTFcL1AxMDUwNDM1LTEtc2NhbGVkLmpwZyIsInNsaWRlc2hvdyI6ImFsbC02OGY1ODU0In0%3D\">\n\t\t\t\t\t<div class=\"e-gallery-image elementor-gallery-item__image\" data-thumbnail=\"https:\/\/www.photo-mucke.com\/wp-content\/uploads\/2021\/11\/P1050435-1-1024x684.jpg\" data-width=\"800\" data-height=\"534\" alt=\"une foulque avec arbre\" ><\/div>\n\t\t\t\t\t\t\t\t\t\t\t<div class=\"elementor-gallery-item__overlay\"><\/div>\n\t\t\t\t\t\t\t\t\t\t\t\t\t\t<\/a>\n\t\t\t\t\t\t\t<a class=\"e-gallery-item elementor-gallery-item elementor-animated-content\" href=\"https:\/\/www.photo-mucke.com\/wp-content\/uploads\/2021\/11\/P1070526-2-e1638311301365.jpg\" data-elementor-open-lightbox=\"yes\" data-elementor-lightbox-slideshow=\"all-68f5854\" data-e-action-hash=\"#elementor-action%3Aaction%3Dlightbox%26settings%3DeyJpZCI6NjA2LCJ1cmwiOiJodHRwczpcL1wvd3d3LnBob3RvLW11Y2tlLmNvbVwvd3AtY29udGVudFwvdXBsb2Fkc1wvMjAyMVwvMTFcL1AxMDcwNTI2LTItZTE2MzgzMTEzMDEzNjUuanBnIiwic2xpZGVzaG93IjoiYWxsLTY4ZjU4NTQifQ%3D%3D\">\n\t\t\t\t\t<div class=\"e-gallery-image elementor-gallery-item__image\" data-thumbnail=\"https:\/\/www.photo-mucke.com\/wp-content\/uploads\/2021\/11\/P1070526-2-e1638311301365-1024x560.jpg\" data-width=\"800\" data-height=\"438\" alt=\"Mouette et eau\" ><\/div>\n\t\t\t\t\t\t\t\t\t\t\t<div class=\"elementor-gallery-item__overlay\"><\/div>\n\t\t\t\t\t\t\t\t\t\t\t\t\t\t<\/a>\n\t\t\t\t\t\t\t<a class=\"e-gallery-item elementor-gallery-item elementor-animated-content\" href=\"https:\/\/www.photo-mucke.com\/wp-content\/uploads\/2021\/11\/P1080389-1-scaled.jpg\" data-elementor-open-lightbox=\"yes\" data-elementor-lightbox-slideshow=\"all-68f5854\" data-elementor-lightbox-title=\"P1080389 (1)\" data-e-action-hash=\"#elementor-action%3Aaction%3Dlightbox%26settings%3DeyJpZCI6NjA3LCJ1cmwiOiJodHRwczpcL1wvd3d3LnBob3RvLW11Y2tlLmNvbVwvd3AtY29udGVudFwvdXBsb2Fkc1wvMjAyMVwvMTFcL1AxMDgwMzg5LTEtc2NhbGVkLmpwZyIsInNsaWRlc2hvdyI6ImFsbC02OGY1ODU0In0%3D\">\n\t\t\t\t\t<div class=\"e-gallery-image elementor-gallery-item__image\" data-thumbnail=\"https:\/\/www.photo-mucke.com\/wp-content\/uploads\/2021\/11\/P1080389-1-1024x576.jpg\" data-width=\"800\" data-height=\"450\" alt=\"araign\u00e9e\" ><\/div>\n\t\t\t\t\t\t\t\t\t\t\t<div class=\"elementor-gallery-item__overlay\"><\/div>\n\t\t\t\t\t\t\t\t\t\t\t\t\t\t<\/a>\n\t\t\t\t\t\t\t<a class=\"e-gallery-item elementor-gallery-item elementor-animated-content\" href=\"https:\/\/www.photo-mucke.com\/wp-content\/uploads\/2021\/11\/P1120703-1-scaled.jpg\" data-elementor-open-lightbox=\"yes\" data-elementor-lightbox-slideshow=\"all-68f5854\" data-elementor-lightbox-title=\"P1120703 (1)\" data-e-action-hash=\"#elementor-action%3Aaction%3Dlightbox%26settings%3DeyJpZCI6NjA4LCJ1cmwiOiJodHRwczpcL1wvd3d3LnBob3RvLW11Y2tlLmNvbVwvd3AtY29udGVudFwvdXBsb2Fkc1wvMjAyMVwvMTFcL1AxMTIwNzAzLTEtc2NhbGVkLmpwZyIsInNsaWRlc2hvdyI6ImFsbC02OGY1ODU0In0%3D\">\n\t\t\t\t\t<div class=\"e-gallery-image elementor-gallery-item__image\" data-thumbnail=\"https:\/\/www.photo-mucke.com\/wp-content\/uploads\/2021\/11\/P1120703-1-1024x576.jpg\" data-width=\"800\" data-height=\"450\" alt=\"iguane vert\" ><\/div>\n\t\t\t\t\t\t\t\t\t\t\t<div class=\"elementor-gallery-item__overlay\"><\/div>\n\t\t\t\t\t\t\t\t\t\t\t\t\t\t<\/a>\n\t\t\t\t\t\t\t<a class=\"e-gallery-item elementor-gallery-item elementor-animated-content\" href=\"https:\/\/www.photo-mucke.com\/wp-content\/uploads\/2021\/11\/P1120707-1-scaled.jpg\" data-elementor-open-lightbox=\"yes\" data-elementor-lightbox-slideshow=\"all-68f5854\" data-elementor-lightbox-title=\"P1120707 (1)\" data-e-action-hash=\"#elementor-action%3Aaction%3Dlightbox%26settings%3DeyJpZCI6NjA5LCJ1cmwiOiJodHRwczpcL1wvd3d3LnBob3RvLW11Y2tlLmNvbVwvd3AtY29udGVudFwvdXBsb2Fkc1wvMjAyMVwvMTFcL1AxMTIwNzA3LTEtc2NhbGVkLmpwZyIsInNsaWRlc2hvdyI6ImFsbC02OGY1ODU0In0%3D\">\n\t\t\t\t\t<div class=\"e-gallery-image elementor-gallery-item__image\" data-thumbnail=\"https:\/\/www.photo-mucke.com\/wp-content\/uploads\/2021\/11\/P1120707-1-1024x576.jpg\" data-width=\"800\" data-height=\"450\" alt=\"Loup blanc\" ><\/div>\n\t\t\t\t\t\t\t\t\t\t\t<div class=\"elementor-gallery-item__overlay\"><\/div>\n\t\t\t\t\t\t\t\t\t\t\t\t\t\t<\/a>\n\t\t\t\t\t\t\t<a class=\"e-gallery-item elementor-gallery-item elementor-animated-content\" href=\"https:\/\/www.photo-mucke.com\/wp-content\/uploads\/2021\/11\/P1120878-1-scaled.jpg\" data-elementor-open-lightbox=\"yes\" data-elementor-lightbox-slideshow=\"all-68f5854\" data-elementor-lightbox-title=\"P1120878 (1)\" data-e-action-hash=\"#elementor-action%3Aaction%3Dlightbox%26settings%3DeyJpZCI6NjEwLCJ1cmwiOiJodHRwczpcL1wvd3d3LnBob3RvLW11Y2tlLmNvbVwvd3AtY29udGVudFwvdXBsb2Fkc1wvMjAyMVwvMTFcL1AxMTIwODc4LTEtc2NhbGVkLmpwZyIsInNsaWRlc2hvdyI6ImFsbC02OGY1ODU0In0%3D\">\n\t\t\t\t\t<div class=\"e-gallery-image elementor-gallery-item__image\" data-thumbnail=\"https:\/\/www.photo-mucke.com\/wp-content\/uploads\/2021\/11\/P1120878-1-1024x576.jpg\" data-width=\"800\" data-height=\"450\" alt=\"Les \u00e2nes de l&#039;\u00eele de R\u00e9\" ><\/div>\n\t\t\t\t\t\t\t\t\t\t\t<div class=\"elementor-gallery-item__overlay\"><\/div>\n\t\t\t\t\t\t\t\t\t\t\t\t\t\t<\/a>\n\t\t\t\t\t\t\t<a class=\"e-gallery-item elementor-gallery-item elementor-animated-content\" href=\"https:\/\/www.photo-mucke.com\/wp-content\/uploads\/2021\/11\/P1140231-1-scaled.jpg\" data-elementor-open-lightbox=\"yes\" data-elementor-lightbox-slideshow=\"all-68f5854\" data-elementor-lightbox-title=\"P1140231 (1)\" data-e-action-hash=\"#elementor-action%3Aaction%3Dlightbox%26settings%3DeyJpZCI6NjExLCJ1cmwiOiJodHRwczpcL1wvd3d3LnBob3RvLW11Y2tlLmNvbVwvd3AtY29udGVudFwvdXBsb2Fkc1wvMjAyMVwvMTFcL1AxMTQwMjMxLTEtc2NhbGVkLmpwZyIsInNsaWRlc2hvdyI6ImFsbC02OGY1ODU0In0%3D\">\n\t\t\t\t\t<div class=\"e-gallery-image elementor-gallery-item__image\" data-thumbnail=\"https:\/\/www.photo-mucke.com\/wp-content\/uploads\/2021\/11\/P1140231-1-1024x576.jpg\" data-width=\"800\" data-height=\"450\" alt=\"h\u00e9ron\" ><\/div>\n\t\t\t\t\t\t\t\t\t\t\t<div class=\"elementor-gallery-item__overlay\"><\/div>\n\t\t\t\t\t\t\t\t\t\t\t\t\t\t<\/a>\n\t\t\t\t\t\t\t<a class=\"e-gallery-item elementor-gallery-item elementor-animated-content\" href=\"https:\/\/www.photo-mucke.com\/wp-content\/uploads\/2021\/11\/P1140663-1-scaled.jpg\" data-elementor-open-lightbox=\"yes\" data-elementor-lightbox-slideshow=\"all-68f5854\" data-elementor-lightbox-title=\"P1140663 (1)\" data-e-action-hash=\"#elementor-action%3Aaction%3Dlightbox%26settings%3DeyJpZCI6NjEyLCJ1cmwiOiJodHRwczpcL1wvd3d3LnBob3RvLW11Y2tlLmNvbVwvd3AtY29udGVudFwvdXBsb2Fkc1wvMjAyMVwvMTFcL1AxMTQwNjYzLTEtc2NhbGVkLmpwZyIsInNsaWRlc2hvdyI6ImFsbC02OGY1ODU0In0%3D\">\n\t\t\t\t\t<div class=\"e-gallery-image elementor-gallery-item__image\" data-thumbnail=\"https:\/\/www.photo-mucke.com\/wp-content\/uploads\/2021\/11\/P1140663-1-1024x647.jpg\" data-width=\"800\" data-height=\"505\" alt=\"oiseau blanc\" ><\/div>\n\t\t\t\t\t\t\t\t\t\t\t<div class=\"elementor-gallery-item__overlay\"><\/div>\n\t\t\t\t\t\t\t\t\t\t\t\t\t\t<\/a>\n\t\t\t\t\t\t\t<a class=\"e-gallery-item elementor-gallery-item elementor-animated-content\" href=\"https:\/\/www.photo-mucke.com\/wp-content\/uploads\/2021\/11\/P1120744-1-scaled.jpg\" data-elementor-open-lightbox=\"yes\" data-elementor-lightbox-slideshow=\"all-68f5854\" data-elementor-lightbox-title=\"P1120744 (1)\" data-e-action-hash=\"#elementor-action%3Aaction%3Dlightbox%26settings%3DeyJpZCI6NjEzLCJ1cmwiOiJodHRwczpcL1wvd3d3LnBob3RvLW11Y2tlLmNvbVwvd3AtY29udGVudFwvdXBsb2Fkc1wvMjAyMVwvMTFcL1AxMTIwNzQ0LTEtc2NhbGVkLmpwZyIsInNsaWRlc2hvdyI6ImFsbC02OGY1ODU0In0%3D\">\n\t\t\t\t\t<div class=\"e-gallery-image elementor-gallery-item__image\" data-thumbnail=\"https:\/\/www.photo-mucke.com\/wp-content\/uploads\/2021\/11\/P1120744-1-1024x576.jpg\" data-width=\"800\" data-height=\"450\" alt=\"canard\" ><\/div>\n\t\t\t\t\t\t\t\t\t\t\t<div class=\"elementor-gallery-item__overlay\"><\/div>\n\t\t\t\t\t\t\t\t\t\t\t\t\t\t<\/a>\n\t\t\t\t\t\t\t<a class=\"e-gallery-item elementor-gallery-item elementor-animated-content\" href=\"https:\/\/www.photo-mucke.com\/wp-content\/uploads\/2021\/11\/P1140178-1-scaled.jpg\" data-elementor-open-lightbox=\"yes\" data-elementor-lightbox-slideshow=\"all-68f5854\" data-elementor-lightbox-title=\"P1140178 (1)\" data-e-action-hash=\"#elementor-action%3Aaction%3Dlightbox%26settings%3DeyJpZCI6NjE0LCJ1cmwiOiJodHRwczpcL1wvd3d3LnBob3RvLW11Y2tlLmNvbVwvd3AtY29udGVudFwvdXBsb2Fkc1wvMjAyMVwvMTFcL1AxMTQwMTc4LTEtc2NhbGVkLmpwZyIsInNsaWRlc2hvdyI6ImFsbC02OGY1ODU0In0%3D\">\n\t\t\t\t\t<div class=\"e-gallery-image elementor-gallery-item__image\" data-thumbnail=\"https:\/\/www.photo-mucke.com\/wp-content\/uploads\/2021\/11\/P1140178-1-1024x576.jpg\" data-width=\"800\" data-height=\"450\" alt=\"papillon\" ><\/div>\n\t\t\t\t\t\t\t\t\t\t\t<div class=\"elementor-gallery-item__overlay\"><\/div>\n\t\t\t\t\t\t\t\t\t\t\t\t\t\t<\/a>\n\t\t\t\t\t<\/div>\n\t\t\t\t\t<\/div>\n\t\t\t\t<\/div>\n\t\t\t\t\t<\/div>\n\t\t<\/div>\n\t\t\t\t\t<\/div>\n\t\t<\/section>\n\t\t\t\t<\/div>\n\t\t","protected":false},"excerpt":{"rendered":"","protected":false},"author":3,"featured_media":0,"parent":0,"menu_order":0,"comment_status":"closed","ping_status":"closed","template":"","meta":{"_monsterinsights_skip_tracking":false,"_monsterinsights_sitenote_active":false,"_monsterinsights_sitenote_note":"","_monsterinsights_sitenote_category":0,"footnotes":""},"class_list":["post-600","page","type-page","status-publish","hentry"],"yoast_head":"<!-- This site is optimized with the Yoast SEO plugin v27.4 - https:\/\/yoast.com\/product\/yoast-seo-wordpress\/ -->\n<title>Photographies d&#039;animaux - Photo Mucke<\/title>\n<meta name=\"description\" content=\"Voici quelques photographies que j&#039;ai r\u00e9alis\u00e9es sur des animaux.\" \/>\n<meta name=\"robots\" content=\"index, follow, max-snippet:-1, max-image-preview:large, max-video-preview:-1\" \/>\n<link rel=\"canonical\" href=\"https:\/\/www.photo-mucke.com\/fr_fr\/animaux\/\" \/>\n<meta property=\"og:locale\" content=\"fr_FR\" \/>\n<meta property=\"og:type\" content=\"article\" \/>\n<meta property=\"og:title\" content=\"Photographies d&#039;animaux - Photo Mucke\" \/>\n<meta property=\"og:description\" content=\"Voici quelques photographies que j&#039;ai r\u00e9alis\u00e9es sur des animaux.\" \/>\n<meta property=\"og:url\" content=\"https:\/\/www.photo-mucke.com\/fr_fr\/animaux\/\" \/>\n<meta property=\"og:site_name\" content=\"Photo Mucke\" \/>\n<meta property=\"article:modified_time\" content=\"2024-07-08T12:41:01+00:00\" \/>\n<meta name=\"twitter:card\" content=\"summary_large_image\" \/>\n<script type=\"application\/ld+json\" class=\"yoast-schema-graph\">{\"@context\":\"https:\\\/\\\/schema.org\",\"@graph\":[{\"@type\":\"WebPage\",\"@id\":\"https:\\\/\\\/www.photo-mucke.com\\\/animaux\\\/\",\"url\":\"https:\\\/\\\/www.photo-mucke.com\\\/animaux\\\/\",\"name\":\"Photographies d'animaux - Photo Mucke\",\"isPartOf\":{\"@id\":\"https:\\\/\\\/www.photo-mucke.com\\\/#website\"},\"datePublished\":\"2021-11-28T19:46:45+00:00\",\"dateModified\":\"2024-07-08T12:41:01+00:00\",\"description\":\"Voici quelques photographies que j'ai r\u00e9alis\u00e9es sur des animaux.\",\"breadcrumb\":{\"@id\":\"https:\\\/\\\/www.photo-mucke.com\\\/animaux\\\/#breadcrumb\"},\"inLanguage\":\"fr-FR\",\"potentialAction\":[{\"@type\":\"ReadAction\",\"target\":[\"https:\\\/\\\/www.photo-mucke.com\\\/animaux\\\/\"]}]},{\"@type\":\"BreadcrumbList\",\"@id\":\"https:\\\/\\\/www.photo-mucke.com\\\/animaux\\\/#breadcrumb\",\"itemListElement\":[{\"@type\":\"ListItem\",\"position\":1,\"name\":\"Home\",\"item\":\"https:\\\/\\\/www.photo-mucke.com\\\/\"},{\"@type\":\"ListItem\",\"position\":2,\"name\":\"Animaux\"}]},{\"@type\":\"WebSite\",\"@id\":\"https:\\\/\\\/www.photo-mucke.com\\\/#website\",\"url\":\"https:\\\/\\\/www.photo-mucke.com\\\/\",\"name\":\"Photo Mucke\",\"description\":\"Fotosammlung - Bildbearbeitung - Retusche - digitale Malerei - Grafik\",\"publisher\":{\"@id\":\"https:\\\/\\\/www.photo-mucke.com\\\/#organization\"},\"potentialAction\":[{\"@type\":\"SearchAction\",\"target\":{\"@type\":\"EntryPoint\",\"urlTemplate\":\"https:\\\/\\\/www.photo-mucke.com\\\/?s={search_term_string}\"},\"query-input\":{\"@type\":\"PropertyValueSpecification\",\"valueRequired\":true,\"valueName\":\"search_term_string\"}}],\"inLanguage\":\"fr-FR\"},{\"@type\":\"Organization\",\"@id\":\"https:\\\/\\\/www.photo-mucke.com\\\/#organization\",\"name\":\"Photo Mucke\",\"url\":\"https:\\\/\\\/www.photo-mucke.com\\\/\",\"logo\":{\"@type\":\"ImageObject\",\"inLanguage\":\"fr-FR\",\"@id\":\"https:\\\/\\\/www.photo-mucke.com\\\/#\\\/schema\\\/logo\\\/image\\\/\",\"url\":\"https:\\\/\\\/www.photo-mucke.com\\\/wp-content\\\/uploads\\\/2021\\\/11\\\/cropped-Logo-Orange-Linse-stilisiert-breit.png\",\"contentUrl\":\"https:\\\/\\\/www.photo-mucke.com\\\/wp-content\\\/uploads\\\/2021\\\/11\\\/cropped-Logo-Orange-Linse-stilisiert-breit.png\",\"width\":1040,\"height\":297,\"caption\":\"Photo Mucke\"},\"image\":{\"@id\":\"https:\\\/\\\/www.photo-mucke.com\\\/#\\\/schema\\\/logo\\\/image\\\/\"}}]}<\/script>\n<!-- \/ Yoast SEO plugin. -->","yoast_head_json":{"title":"Photographies d'animaux - Photo Mucke","description":"Voici quelques photographies que j'ai r\u00e9alis\u00e9es sur des animaux.","robots":{"index":"index","follow":"follow","max-snippet":"max-snippet:-1","max-image-preview":"max-image-preview:large","max-video-preview":"max-video-preview:-1"},"canonical":"https:\/\/www.photo-mucke.com\/fr_fr\/animaux\/","og_locale":"fr_FR","og_type":"article","og_title":"Photographies d'animaux - Photo Mucke","og_description":"Voici quelques photographies que j'ai r\u00e9alis\u00e9es sur des animaux.","og_url":"https:\/\/www.photo-mucke.com\/fr_fr\/animaux\/","og_site_name":"Photo Mucke","article_modified_time":"2024-07-08T12:41:01+00:00","twitter_card":"summary_large_image","schema":{"@context":"https:\/\/schema.org","@graph":[{"@type":"WebPage","@id":"https:\/\/www.photo-mucke.com\/animaux\/","url":"https:\/\/www.photo-mucke.com\/animaux\/","name":"Photographies d'animaux - Photo Mucke","isPartOf":{"@id":"https:\/\/www.photo-mucke.com\/#website"},"datePublished":"2021-11-28T19:46:45+00:00","dateModified":"2024-07-08T12:41:01+00:00","description":"Voici quelques photographies que j'ai r\u00e9alis\u00e9es sur des animaux.","breadcrumb":{"@id":"https:\/\/www.photo-mucke.com\/animaux\/#breadcrumb"},"inLanguage":"fr-FR","potentialAction":[{"@type":"ReadAction","target":["https:\/\/www.photo-mucke.com\/animaux\/"]}]},{"@type":"BreadcrumbList","@id":"https:\/\/www.photo-mucke.com\/animaux\/#breadcrumb","itemListElement":[{"@type":"ListItem","position":1,"name":"Home","item":"https:\/\/www.photo-mucke.com\/"},{"@type":"ListItem","position":2,"name":"Animaux"}]},{"@type":"WebSite","@id":"https:\/\/www.photo-mucke.com\/#website","url":"https:\/\/www.photo-mucke.com\/","name":"Photo Mucke","description":"Fotosammlung - Bildbearbeitung - Retusche - digitale Malerei - Grafik","publisher":{"@id":"https:\/\/www.photo-mucke.com\/#organization"},"potentialAction":[{"@type":"SearchAction","target":{"@type":"EntryPoint","urlTemplate":"https:\/\/www.photo-mucke.com\/?s={search_term_string}"},"query-input":{"@type":"PropertyValueSpecification","valueRequired":true,"valueName":"search_term_string"}}],"inLanguage":"fr-FR"},{"@type":"Organization","@id":"https:\/\/www.photo-mucke.com\/#organization","name":"Photo Mucke","url":"https:\/\/www.photo-mucke.com\/","logo":{"@type":"ImageObject","inLanguage":"fr-FR","@id":"https:\/\/www.photo-mucke.com\/#\/schema\/logo\/image\/","url":"https:\/\/www.photo-mucke.com\/wp-content\/uploads\/2021\/11\/cropped-Logo-Orange-Linse-stilisiert-breit.png","contentUrl":"https:\/\/www.photo-mucke.com\/wp-content\/uploads\/2021\/11\/cropped-Logo-Orange-Linse-stilisiert-breit.png","width":1040,"height":297,"caption":"Photo Mucke"},"image":{"@id":"https:\/\/www.photo-mucke.com\/#\/schema\/logo\/image\/"}}]}},"_links":{"self":[{"href":"https:\/\/www.photo-mucke.com\/fr_fr\/wp-json\/wp\/v2\/pages\/600","targetHints":{"allow":["GET"]}}],"collection":[{"href":"https:\/\/www.photo-mucke.com\/fr_fr\/wp-json\/wp\/v2\/pages"}],"about":[{"href":"https:\/\/www.photo-mucke.com\/fr_fr\/wp-json\/wp\/v2\/types\/page"}],"author":[{"embeddable":true,"href":"https:\/\/www.photo-mucke.com\/fr_fr\/wp-json\/wp\/v2\/users\/3"}],"replies":[{"embeddable":true,"href":"https:\/\/www.photo-mucke.com\/fr_fr\/wp-json\/wp\/v2\/comments?post=600"}],"version-history":[{"count":4,"href":"https:\/\/www.photo-mucke.com\/fr_fr\/wp-json\/wp\/v2\/pages\/600\/revisions"}],"predecessor-version":[{"id":617,"href":"https:\/\/www.photo-mucke.com\/fr_fr\/wp-json\/wp\/v2\/pages\/600\/revisions\/617"}],"wp:attachment":[{"href":"https:\/\/www.photo-mucke.com\/fr_fr\/wp-json\/wp\/v2\/media?parent=600"}],"curies":[{"name":"wp","href":"https:\/\/api.w.org\/{rel}","templated":true}]}}